{"id":53,"date":"2015-04-25T11:17:55","date_gmt":"2015-04-25T08:17:55","guid":{"rendered":"http:\/\/www.enescom.com.tr\/?page_id=53"},"modified":"2024-07-16T11:39:16","modified_gmt":"2024-07-16T08:39:16","slug":"iletisim","status":"publish","type":"page","link":"https:\/\/www.enescom.com.tr\/?page_id=53","title":{"rendered":"\u0130leti\u015fim"},"content":{"rendered":"<p><iframe src=\"https:\/\/www.google.com\/maps\/embed?pb=!1m18!1m12!1m3!1d3055.711213650231!2d32.84271657626997!3d40.01489777150697!2m3!1f0!2f0!3f0!3m2!1i1024!2i768!4f13.1!3m3!1m2!1s0x14d34ce708e41ff7%3A0xa40ba94557b9b544!2zT3ZhY8SxaywgNTQwLiBDZC4gTm86NTAsIDA2MjgwIEtlw6dpw7ZyZW4vQW5rYXJh!5e0!3m2!1str!2str!4v1721119070614!5m2!1str!2str\" width=\"100%\" height=\"450\" style=\"border:0;\" allowfullscreen=\"\" loading=\"lazy\" referrerpolicy=\"no-referrer-when-downgrade\"><\/iframe><\/p>\n<p><div class=\"ffs-sep\" id=\"ffs-sep-39\" style=\"border-bottom:1px solid #ebebeb;  height:10px; \"><\/div><div class=\"clearfix\"><\/div><div class=\"ffs-sep\" id=\"ffs-sep-94\" style=\"border-bottom:1px solid #ebebeb;  height:10px; \"><\/div><div class=\"clearfix\"><\/div><\/p>\n<div class=\"info-box-row clearfix\" id=\"info-box-row-49\">\n<div id=\"info-box-62\" class=\" ffs-two-one ffs-info-box center \" ><div class=\"ffs-icon-box\"><span class=\"ffs-icon-container\"><i class=\"fa fa-check-square-o\" style=\"background-color:#000; color:#fff; border-radius:50%; \"><\/i><\/span><\/div><div class=\"ffs-content-box\"><div class=\"infobox-title\" style=\"text-align:left; font-size:20px; text-transform: uppercase; \">\u0130leti\u015fim Bilgileri<\/div><div class=\"infobox-text\"  style=\"text-align:left; font-size:13px; \" ><div class=\"ffs-sep\" id=\"ffs-sep-42\" style=\"border-bottom:1px solid #ebebeb;  height:10px; \"><\/div><div class=\"clearfix\"><\/div><i class=\"de_icon fa fa-home circle medium\"><\/i><\/p>\n<p>Atapark\u00a0Mahallesi 540.Cad No: 50\/A Ovac\u0131k-Ke\u00e7i\u00f6ren \/ ANKARA<\/p>\n<hr \/>\n\n<p><i class=\"de_icon fa fa-phone-square circle medium\"><\/i>+ 90 312 309 45 65<\/p>\n<hr \/>\n<p><i class=\"de_icon fa fa-fax circle medium\"><\/i>+ 90 312 309 45 65<\/p>\n<hr \/>\n<p><i class=\"de_icon fa fa-bookmark circle medium\"><\/i><a href=\"https:\/\/www.enescom.com.tr\">www.enescom.com.tr<\/a><\/p>\n<hr \/>\n<p><i class=\"de_icon fa fa-envelope circle medium\"><\/i><a href=\"mailto:info@enescom.com.tr\">info@enescom.com.tr<\/a><\/p>\n<hr \/>\n<p><a href=\"http:\/\/download.teamviewer.com\/download\/TeamViewerQS_tr.exe\"><img decoding=\"async\" loading=\"lazy\" class=\"alignnone wp-image-262 size-full\" src=\"https:\/\/www.enescom.com.tr\/wp-content\/uploads\/2015\/04\/teamlogo.jpg\" alt=\"teamlogo\" width=\"100\" height=\"100\" \/><\/a>\u00a0 \u00a0\u00a0<a href=\"http:\/\/download.anydesk.com\/AnyDesk.exe\"><img decoding=\"async\" loading=\"lazy\" class=\"alignnone wp-image-261 size-full\" src=\"https:\/\/www.enescom.com.tr\/wp-content\/uploads\/2015\/04\/any-logo.jpg\" alt=\"any logo\" width=\"100\" height=\"100\" \/><\/a>\u00a0 \u00a0\u00a0<a href=\"http:\/\/www.alpemix.com\/site\/Alpemix.exe\"><img decoding=\"async\" loading=\"lazy\" class=\"alignnone size-full wp-image-263\" src=\"https:\/\/www.enescom.com.tr\/wp-content\/uploads\/2015\/04\/alpemixlogo.jpg\" alt=\"alpemixlogo\" width=\"100\" height=\"100\" \/><\/a>\u00a0\u00a0\u00a0\u00a0<a href=\"http:\/\/www.ammyy.com\/tr\/downloads.html\"><img decoding=\"async\" loading=\"lazy\" class=\"alignnone size-full wp-image-264\" src=\"https:\/\/www.enescom.com.tr\/wp-content\/uploads\/2015\/04\/ammyylogo.jpg\" alt=\"ammyylogo\" width=\"100\" height=\"100\" \/><\/a>\n<\/div><\/div><\/div>\n<div id=\"info-box-74\" class=\" ffs-two-one ffs-info-box center last\" ><div class=\"ffs-icon-box\"><span class=\"ffs-icon-container\"><i class=\"fa fa-check-square-o\" style=\"background-color:#000; color:#fff; border-radius:50%; \"><\/i><\/span><\/div><div class=\"ffs-content-box\"><div class=\"infobox-title\" style=\"text-align:left; font-size:20px; text-transform: uppercase; \">\u0130leti\u015fim Formu<\/div><div class=\"infobox-text\"  style=\"text-align:left; font-size:13px; \" ><div class=\"ffs-sep\" id=\"ffs-sep-12\" style=\"border-bottom:1px solid #ebebeb;  height:10px; \"><\/div><div class=\"clearfix\"><\/div><div id=\"cscf\" class=\"cscfBlock\">    <div class=\"cscfMessageSent\" style=\"display:none;\">        <h3>Mesaj\u0131n\u0131z G\u00f6nderildi!<\/h3><p>Te\u015fekk\u00fcrler, Mesaj\u0131n\u0131z al\u0131nd\u0131, en k\u0131sa zamanda cevaplanacakt\u0131r. <\/p>    <\/div>    <div class=\"cscfMessageNotSent\" style=\"display:none;\">        <p>Afedersiniz, bir sorun oldu, mesaj\u0131n\u0131z gitmedi.<\/p>    <\/div>    <div class=\"cscfForm\">        <p>Soru ve \u00f6nerileriniz i\u00e7in ileti\u015fim formu arac\u0131l\u0131\u011f\u0131yla bize ula\u015fabilirsiniz.<\/p>        <form role=\"form\" id=\"frmCSCF\" name=\"frmCSCF\" method=\"post\">            <input type=\"hidden\" id=\"cscf_nonce\" name=\"cscf_nonce\" value=\"c074f6aad4\" \/><input type=\"hidden\" name=\"_wp_http_referer\" value=\"\/index.php?rest_route=%2Fwp%2Fv2%2Fpages%2F53\" \/>            <input type=\"hidden\" name=\"post-id\" value=\"53\">                                    <!-- name -->             <div class=\"control-group form-group\">                <label for=\"cscf_name\">Ad\u0131n\u0131z:<\/label>                                                        <input class=\"form-control input-xlarge\"                       data-rule-required=\"true\"                       data-msg-required=\"L\u00fctfen isminizi giriniz.\"                       type=\"text\" id=\"cscf_name\" name=\"cscf[name]\"                        value=\"\"                       placeholder=\"Ad\u0131n\u0131z\"                    \/>\t                            <span for=\"cscf_name\" class=\"help-inline help-block error\" style=\"display:none;\">                                    <\/span>            <\/div>                          <!--email address-->            <div class=\"control-group form-group\">                <label for=\"cscf_email\">E-Posta Adresi:<\/label>\t                                                    <input class=\"form-control input-xlarge\"                        data-rule-required=\"true\"                        data-rule-email=\"true\"                        data-msg-required=\"L\u00fctfen E-Posta Adresinizi giriniz.\"                        data-msg-email=\"L\u00fctfen, ge\u00e7erli bir E-Posta Adresi giriniz.\"                        type=\"email\" id=\"cscf_email\" name=\"cscf[email]\"                         value=\"\"                        placeholder=\"E-Posta Adresiniz:\"                    \/>\t                            <span for=\"cscf_email\" class=\"help-inline help-block error\" style=\"display:none;\">                                    <\/span>            <\/div>                        <!--confirm email address -->            <div class=\"control-group form-group\">                <label for=\"cscf_confirm-email\">E-Posta Adresinizi do\u011frulay\u0131n:<\/label>\t                                                    <input class=\"form-control input-xlarge\"                        data-rule-required=\"true\"                        data-rule-email=\"true\"                        data-rule-equalTo=\"#cscf_email\"                        data-msg-required=\"E-Posta Adresinizi tekrar giriniz.\"                        data-msg-email=\"L\u00fctfen, ge\u00e7erli bir E-Posta Adresi giriniz.\"                        data-msg-equalTo=\"E-Posta Adresinizi tekrar giriniz.\"                        type=\"email\" id=\"cscf_confirm-email\" name=\"cscf[confirm-email]\"                         value=\"\"                        placeholder=\"E-Posta Adresinizi do\u011frulay\u0131n\u0131z\"                    \/>\t                            <span for=\"cscf_confirm-email\" class=\"help-inline help-block error\" style=\"display:none;\">                                    <\/span>            <\/div>                         <!-- message -->            <div class=\"control-group form-group\">                <label for=\"cscf_message\">Mesaj Metni:<\/label>\t                                                    <textarea class=\"form-control input-xlarge\"                        data-rule-required=\"true\"                        data-msg-required=\"L\u00fctfen bir Mesaj giriniz.\"                        id=\"cscf_message\" name=\"cscf[message]\" rows=\"6\"                         placeholder=\"Mesaj Metniniz\"><\/textarea>\t                            <span for=\"cscf_message\" class=\"help-inline help-block error\" style=\"display:none;\">                                    <\/span>            <\/div>                        <!-- recaptcha -->                                 <input type=\"submit\" class=\"btn btn-default\" value=\"Mesaj\u0131 G\u00f6nder\"\/>        <\/form>    <\/div><\/div><\/div><\/div><\/div><\/div><div class=\"clearfix\"><\/div>\n<div id=\"gtx-trans\" style=\"position: absolute; left: -141px; top: -16px;\">\n<div class=\"gtx-trans-icon\"><\/div>\n<\/div>\n","protected":false},"excerpt":{"rendered":"","protected":false},"author":1,"featured_media":0,"parent":0,"menu_order":0,"comment_status":"closed","ping_status":"closed","template":"","meta":[],"_links":{"self":[{"href":"https:\/\/www.enescom.com.tr\/index.php?rest_route=\/wp\/v2\/pages\/53"}],"collection":[{"href":"https:\/\/www.enescom.com.tr\/index.php?rest_route=\/wp\/v2\/pages"}],"about":[{"href":"https:\/\/www.enescom.com.tr\/index.php?rest_route=\/wp\/v2\/types\/page"}],"author":[{"embeddable":true,"href":"https:\/\/www.enescom.com.tr\/index.php?rest_route=\/wp\/v2\/users\/1"}],"replies":[{"embeddable":true,"href":"https:\/\/www.enescom.com.tr\/index.php?rest_route=%2Fwp%2Fv2%2Fcomments&post=53"}],"version-history":[{"count":64,"href":"https:\/\/www.enescom.com.tr\/index.php?rest_route=\/wp\/v2\/pages\/53\/revisions"}],"predecessor-version":[{"id":311,"href":"https:\/\/www.enescom.com.tr\/index.php?rest_route=\/wp\/v2\/pages\/53\/revisions\/311"}],"wp:attachment":[{"href":"https:\/\/www.enescom.com.tr\/index.php?rest_route=%2Fwp%2Fv2%2Fmedia&parent=53"}],"curies":[{"name":"wp","href":"https:\/\/api.w.org\/{rel}","templated":true}]}}