{"id":43,"date":"2015-04-25T11:15:03","date_gmt":"2015-04-25T08:15:03","guid":{"rendered":"http:\/\/www.enescom.com.tr\/?page_id=43"},"modified":"2017-09-22T14:05:25","modified_gmt":"2017-09-22T11:05:25","slug":"urunler","status":"publish","type":"page","link":"https:\/\/www.enescom.com.tr\/?page_id=43","title":{"rendered":"\u00dcR\u00dcNLER"},"content":{"rendered":"<script type=\"text\/javascript\"> jQuery(document).ready(function() { jQuery(\"#ffs-tabbed-62\").easyResponsiveTabs({     type: \t\"vertical\",     width:  \"100%\",     fit: \t false}); var cont_width = jQuery(\"#ffs-tabbed-62.resp-vtabs\").outerWidth() - jQuery(\"#ffs-tabbed-62.resp-vtabs .resp-tabs-list\").outerWidth() - 3;jQuery(\"#ffs-tabbed-62.resp-vtabs .resp-tabs-container\").css({\"width\":cont_width});}); <\/script><style type=\"text\/css\">\n#ffs-tabbed-62 li.resp-tab-active,\n#ffs-tabbed-62.resp-tabs-list li:hover{border-top-color:#71AFFF; border-bottom-color:#71AFFF;}\n#ffs-tabbed-62.resp-vtabs li.resp-tab-active,\n#ffs-tabbed-62.resp-vtabs .resp-tabs-list li:hover{border-left-color:#71AFFF; border-top-color:#C1C1C1; border-right-color:#71AFFF;  border-bottom-color:#C1C1C1;}\n<\/style><div id=\"ffs-tabbed-62\" class=\"ffs-tabbed-nav\"><ul class=\"resp-tabs-list\" style=\"width:30%\"><li>Likom Yaz\u0131l\u0131m \u00dcr\u00fcnleri<\/li><li>Microsoft \u00dcr\u00fcnleri<\/li><li>Autodesk \u00dcr\u00fcnleri<\/li><li>Symantec \u00dcr\u00fcnleri<\/li><li>Bilgisayar ve Bilgisayar Donan\u0131mlar\u0131<\/li><\/ul><div class=\"resp-tabs-container\">\n<div class=\"fruitful_tab tab-likom-yazilim-urunleri\">Likom Yaz\u0131l\u0131m \u00dcr\u00fcnleri<\/p>\n<p>Likom PrestoPlus<\/p>\n<p>Likom Presto XL<\/p>\n<p>Sat\u0131\u015f, E\u011fitimi ve Sat\u0131\u015f Sonras\u0131 Destek Hizmetleri<\/div>\n<div class=\"fruitful_tab tab-microsoft-urunleri\">Microsoft \u00dcr\u00fcnleri<\/div>\n<div class=\"fruitful_tab tab-autodesk-urunleri\">Autodesk \u00dcr\u00fcnleri<\/div>\n<div class=\"fruitful_tab tab-symantec-urunleri\">Symantec \u00dcr\u00fcnleri<\/div>\n<div class=\"fruitful_tab tab-bilgisayar-ve-bilgisayar-donanimlari\">Bilgisayar ve Bilgisayar Donan\u0131mlar\u0131<\/div>\n<\/div><\/div><div class=\"clearfix\"><\/div>\n","protected":false},"excerpt":{"rendered":"","protected":false},"author":1,"featured_media":0,"parent":0,"menu_order":0,"comment_status":"closed","ping_status":"closed","template":"","meta":[],"_links":{"self":[{"href":"https:\/\/www.enescom.com.tr\/index.php?rest_route=\/wp\/v2\/pages\/43"}],"collection":[{"href":"https:\/\/www.enescom.com.tr\/index.php?rest_route=\/wp\/v2\/pages"}],"about":[{"href":"https:\/\/www.enescom.com.tr\/index.php?rest_route=\/wp\/v2\/types\/page"}],"author":[{"embeddable":true,"href":"https:\/\/www.enescom.com.tr\/index.php?rest_route=\/wp\/v2\/users\/1"}],"replies":[{"embeddable":true,"href":"https:\/\/www.enescom.com.tr\/index.php?rest_route=%2Fwp%2Fv2%2Fcomments&post=43"}],"version-history":[{"count":13,"href":"https:\/\/www.enescom.com.tr\/index.php?rest_route=\/wp\/v2\/pages\/43\/revisions"}],"predecessor-version":[{"id":296,"href":"https:\/\/www.enescom.com.tr\/index.php?rest_route=\/wp\/v2\/pages\/43\/revisions\/296"}],"wp:attachment":[{"href":"https:\/\/www.enescom.com.tr\/index.php?rest_route=%2Fwp%2Fv2%2Fmedia&parent=43"}],"curies":[{"name":"wp","href":"https:\/\/api.w.org\/{rel}","templated":true}]}}