{"id":38,"date":"2015-04-25T11:12:50","date_gmt":"2015-04-25T08:12:50","guid":{"rendered":"http:\/\/www.enescom.com.tr\/?page_id=38"},"modified":"2015-04-25T11:14:10","modified_gmt":"2015-04-25T08:14:10","slug":"kurumsal","status":"publish","type":"page","link":"https:\/\/www.enescom.com.tr\/?page_id=38","title":{"rendered":"Kurumsal"},"content":{"rendered":"<p style=\"text-align: justify;\"><strong>V\u0130ZYONUMUZ<\/strong><\/p>\n<p style=\"text-align: justify;\">\u00a0\u00a0\u00a0\u00a0\u00a0\u00a0\u00a0\u00a0\u00a0\u00a0\u00a0 \u00a0Firmam\u0131z kurulu\u015fundan itibaren \u00fcr\u00fcn kalitesi, i\u015f ahlak\u0131, do\u011fruluk, m\u00fc\u015fteri servisi, bireysel katk\u0131ya verilen \u00f6nem, i\u015f d\u00fcnyas\u0131na k\u0131lavuzluk etmeyi ama\u00e7layan s\u00fcrekli artan verimi ile i\u015fletmenin de\u011ferlerini geli\u015ftirmeye \u00e7al\u0131\u015farak sekt\u00f6rde \u00fclkemizin ve d\u00fcnya \u00fclkelerinin ihtiya\u00e7lar\u0131na katk\u0131da bulunmak i\u00e7in m\u00fccadele eden bir yap\u0131y\u0131 ama\u00e7 edinmi\u015ftir.<br \/>\nSorumluluk alan\u0131na giren sekt\u00f6r\u00fcm\u00fczde g\u00fcn\u00fcm\u00fcz teknolojisinin sa\u011flad\u0131\u011f\u0131 her t\u00fcrl\u00fc ileti\u015fim kaynaklar\u0131n\u0131 ve i\u015f g\u00fcc\u00fc ekipmanlar\u0131n\u0131 kullanarak, h\u0131zl\u0131 ve kendisini her daim geli\u015ftiren, sorunlar\u0131 \u00e7\u00f6z\u00fcc\u00fc, memnuniyet\u00e7i, yenilik\u00e7i bir firma olmay\u0131 hedeflemi\u015ftir.<\/p>\n<p style=\"text-align: justify;\"><strong>M\u0130SYONUMUZ<\/strong><\/p>\n<p style=\"text-align: justify;\">\u00a0\u00a0\u00a0\u00a0\u00a0\u00a0\u00a0\u00a0\u00a0\u00a0\u00a0 Firmam\u0131z kurulu\u015fundan itibaren \u00fcr\u00fcn kalitesi, i\u015f ahlak\u0131, do\u011fruluk, m\u00fc\u015fteri servisi, bireysel katk\u0131ya verilen \u00f6nem, i\u015f d\u00fcnyas\u0131na k\u0131lavuzluk etmeyi ama\u00e7layan s\u00fcrekli artan verimi ile i\u015fletmenin de\u011ferlerini geli\u015ftirmeye \u00e7al\u0131\u015farak sekt\u00f6rde \u00fclkemizin ve d\u00fcnya \u00fclkelerinin ihtiya\u00e7lar\u0131na katk\u0131da bulunmak i\u00e7in m\u00fccadele eden bir yap\u0131y\u0131 ama\u00e7 edinmi\u015ftir.<br \/>\nSorumluluk alan\u0131na giren sekt\u00f6r\u00fcm\u00fczde g\u00fcn\u00fcm\u00fcz teknolojisinin sa\u011flad\u0131\u011f\u0131 her t\u00fcrl\u00fc ileti\u015fim kaynaklar\u0131n\u0131 ve i\u015f g\u00fcc\u00fc ekipmanlar\u0131n\u0131 kullanarak, h\u0131zl\u0131 ve kendisini her daim geli\u015ftiren, sorunlar\u0131 \u00e7\u00f6z\u00fcc\u00fc, memnuniyet\u00e7i, yenilik\u00e7i bir firma olmay\u0131 hedeflemi\u015ftir.<\/p>\n","protected":false},"excerpt":{"rendered":"<p>V\u0130ZYONUMUZ \u00a0\u00a0\u00a0\u00a0\u00a0\u00a0\u00a0\u00a0\u00a0\u00a0\u00a0 \u00a0Firmam\u0131z kurulu\u015fundan itibaren \u00fcr\u00fcn kalitesi, i\u015f ahlak\u0131, do\u011fruluk, m\u00fc\u015fteri servisi, bireysel katk\u0131ya verilen \u00f6nem, i\u015f d\u00fcnyas\u0131na k\u0131lavuzluk etmeyi ama\u00e7layan s\u00fcrekli artan verimi ile i\u015fletmenin de\u011ferlerini geli\u015ftirmeye \u00e7al\u0131\u015farak sekt\u00f6rde \u00fclkemizin ve d\u00fcnya \u00fclkelerinin ihtiya\u00e7lar\u0131na katk\u0131da bulunmak i\u00e7in m\u00fccadele eden bir yap\u0131y\u0131 ama\u00e7 edinmi\u015ftir. Sorumluluk alan\u0131na giren sekt\u00f6r\u00fcm\u00fczde g\u00fcn\u00fcm\u00fcz teknolojisinin sa\u011flad\u0131\u011f\u0131 her t\u00fcrl\u00fc ileti\u015fim kaynaklar\u0131n\u0131 [&hellip;]<\/p>\n","protected":false},"author":1,"featured_media":0,"parent":0,"menu_order":0,"comment_status":"open","ping_status":"open","template":"","meta":[],"_links":{"self":[{"href":"https:\/\/www.enescom.com.tr\/index.php?rest_route=\/wp\/v2\/pages\/38"}],"collection":[{"href":"https:\/\/www.enescom.com.tr\/index.php?rest_route=\/wp\/v2\/pages"}],"about":[{"href":"https:\/\/www.enescom.com.tr\/index.php?rest_route=\/wp\/v2\/types\/page"}],"author":[{"embeddable":true,"href":"https:\/\/www.enescom.com.tr\/index.php?rest_route=\/wp\/v2\/users\/1"}],"replies":[{"embeddable":true,"href":"https:\/\/www.enescom.com.tr\/index.php?rest_route=%2Fwp%2Fv2%2Fcomments&post=38"}],"version-history":[{"count":3,"href":"https:\/\/www.enescom.com.tr\/index.php?rest_route=\/wp\/v2\/pages\/38\/revisions"}],"predecessor-version":[{"id":42,"href":"https:\/\/www.enescom.com.tr\/index.php?rest_route=\/wp\/v2\/pages\/38\/revisions\/42"}],"wp:attachment":[{"href":"https:\/\/www.enescom.com.tr\/index.php?rest_route=%2Fwp%2Fv2%2Fmedia&parent=38"}],"curies":[{"name":"wp","href":"https:\/\/api.w.org\/{rel}","templated":true}]}}